{"id":173,"date":"2018-09-19T13:56:39","date_gmt":"2018-09-19T13:56:39","guid":{"rendered":"https:\/\/nirmedia.com\/en\/?page_id=173"},"modified":"2021-03-29T10:13:30","modified_gmt":"2021-03-29T10:13:30","slug":"cases","status":"publish","type":"page","link":"https:\/\/nirmedia.com\/en\/cases\/","title":{"rendered":"Real Cases"},"content":{"rendered":"<p>[vc_row row_type=\u00bbrow\u00bb use_row_as_full_screen_section=\u00bbno\u00bb type=\u00bbgrid\u00bb text_align=\u00bbleft\u00bb css_animation=\u00bb\u00bb box_shadow_on_row=\u00bbno\u00bb][vc_column width=\u00bb1\/2&#8243;][vc_column_text]<\/p>\n<h1 style=\"text-align: left;\">Nirmedia Real Cases<\/h1>\n<p>[\/vc_column_text][vc_separator type=\u00bbtransparent\u00bb up=\u00bb6&#8243; up_style=\u00bbpx\u00bb down_style=\u00bbpx\u00bb][vc_column_text]<\/p>\n<h2>in Online Marketing<\/h2>\n<p>Before, we only published some of the client logos we work with, but this practice is so widespread that in the end it does not say much about how far the client got with our management and work.<\/p>\n<p>Let&#8217;s be clear, the logos look nice, but an explanation of the Case deepens and brings security, dissipating all the potential smokescreen.<\/p>\n<p>In each project we apply the formula:<\/p>\n<p><em>{Vision &#8211; Planning &#8211; Execution &#8211; Profitability}.<\/em>[\/vc_column_text][vc_separator type=\u00bbtransparent\u00bb up=\u00bb20&#8243; up_style=\u00bbpx\u00bb down_style=\u00bbpx\u00bb][\/vc_column][vc_column width=\u00bb1\/2&#8243;][vc_single_image image=\u00bb616&#8243; img_size=\u00bbfull\u00bb alignment=\u00bbcenter\u00bb qode_hover_animation=\u00bb\u00bb qode_css_animation=\u00bb\u00bb][\/vc_column][\/vc_row][vc_row row_type=\u00bbrow\u00bb use_row_as_full_screen_section=\u00bbno\u00bb type=\u00bbfull_width\u00bb text_align=\u00bbleft\u00bb css_animation=\u00bb\u00bb box_shadow_on_row=\u00bbno\u00bb][vc_column][vc_separator type=\u00bbtransparent\u00bb up=\u00bb60&#8243; up_style=\u00bbpx\u00bb down_style=\u00bbpx\u00bb][\/vc_column][\/vc_row][vc_row row_type=\u00bbrow\u00bb use_row_as_full_screen_section=\u00bbno\u00bb type=\u00bbfull_width\u00bb text_align=\u00bbleft\u00bb css_animation=\u00bb\u00bb box_shadow_on_row=\u00bbno\u00bb][vc_column][vc_text_separator title=\u00bbEXAMPLES OF REAL CASES IN ONLINE MARKETING\u00bb text_in_box=\u00bbyes\u00bb text_position=\u00bbcenter\u00bb box_border_style=\u00bbsolid\u00bb animation=\u00bbdefault\u00bb line_border_style=\u00bbsolid\u00bb line_dots=\u00bbno\u00bb][\/vc_column][\/vc_row][vc_row row_type=\u00bbrow\u00bb use_row_as_full_screen_section=\u00bbno\u00bb type=\u00bbfull_width\u00bb text_align=\u00bbleft\u00bb css_animation=\u00bb\u00bb box_shadow_on_row=\u00bbno\u00bb][vc_column][vc_separator type=\u00bbtransparent\u00bb up=\u00bb40&#8243; up_style=\u00bbpx\u00bb down_style=\u00bbpx\u00bb][\/vc_column][\/vc_row][vc_row row_type=\u00bbrow\u00bb use_row_as_full_screen_section=\u00bbno\u00bb type=\u00bbfull_width\u00bb text_align=\u00bbleft\u00bb css_animation=\u00bb\u00bb box_shadow_on_row=\u00bbno\u00bb][vc_column width=\u00bb1\/4&#8243;][vc_single_image image=\u00bb315&#8243; img_size=\u00bbfull\u00bb alignment=\u00bbcenter\u00bb qode_hover_animation=\u00bb\u00bb qode_css_animation=\u00bb\u00bb][vc_separator type=\u00bbtransparent\u00bb thickness=\u00bb20&#8243; up_style=\u00bbpx\u00bb down_style=\u00bbpx\u00bb][\/vc_column][vc_column width=\u00bb3\/4&#8243;][vc_column_text]<\/p>\n<h3 style=\"text-align: justify;\">EXPEDIA GROUP<\/h3>\n<p style=\"text-align: justify;\">This group is one of the tourism giants of the Digital scene with delegations in 31 countries.<\/p>\n<p style=\"text-align: justify;\">In two years of work, we tripled organic traffic to record levels for the company, we have consistently doubled the number of TOPs in Google Spain, within a sector as competitive as Travel.<\/p>\n<p style=\"text-align: justify;\">We have achieved this thanks to a very measured and detailed work of segmented Link Building (link building with an exhaustive analysis of the media chosen in the sector).<\/p>\n<p style=\"text-align: justify;\">This is the evolution of <strong>organic visibility with us<\/strong>:<\/p>\n<p style=\"text-align: justify;\"><img loading=\"lazy\" decoding=\"async\" class=\"alignnone wp-image-220\" src=\"https:\/\/nirmedia.com\/en\/wp-content\/uploads\/2018\/10\/Tendencia-org\u00e1nica-Expedia.jpg\" alt=\"\" width=\"450\" height=\"146\" srcset=\"https:\/\/nirmedia.com\/en\/wp-content\/uploads\/2018\/10\/Tendencia-org\u00e1nica-Expedia.jpg 686w, https:\/\/nirmedia.com\/en\/wp-content\/uploads\/2018\/10\/Tendencia-org\u00e1nica-Expedia-300x98.jpg 300w\" sizes=\"auto, (max-width: 450px) 100vw, 450px\" \/><\/p>\n<p style=\"text-align: justify;\">And here we can appreciate <strong>the evolution of its TOPs in Google Spain<\/strong>:<\/p>\n<p style=\"text-align: justify;\"><img loading=\"lazy\" decoding=\"async\" class=\"alignnone wp-image-218\" src=\"https:\/\/nirmedia.com\/en\/wp-content\/uploads\/2018\/10\/Evoluci\u00f3n-de-TOPs-Expedia-300x75.jpg\" alt=\"\" width=\"450\" height=\"113\" srcset=\"https:\/\/nirmedia.com\/en\/wp-content\/uploads\/2018\/10\/Evoluci\u00f3n-de-TOPs-Expedia-300x75.jpg 300w, https:\/\/nirmedia.com\/en\/wp-content\/uploads\/2018\/10\/Evoluci\u00f3n-de-TOPs-Expedia.jpg 683w\" sizes=\"auto, (max-width: 450px) 100vw, 450px\" \/><\/p>\n<p>[\/vc_column_text][vc_separator type=\u00bbtransparent\u00bb thickness=\u00bb20&#8243; up_style=\u00bbpx\u00bb down_style=\u00bbpx\u00bb][\/vc_column][\/vc_row][vc_row row_type=\u00bbrow\u00bb use_row_as_full_screen_section=\u00bbno\u00bb type=\u00bbfull_width\u00bb text_align=\u00bbleft\u00bb css_animation=\u00bb\u00bb box_shadow_on_row=\u00bbno\u00bb][vc_column][vc_separator type=\u00bbnormal\u00bb up_style=\u00bbpx\u00bb down_style=\u00bbpx\u00bb][\/vc_column][\/vc_row][vc_row row_type=\u00bbrow\u00bb use_row_as_full_screen_section=\u00bbno\u00bb type=\u00bbfull_width\u00bb text_align=\u00bbcenter\u00bb css_animation=\u00bb\u00bb box_shadow_on_row=\u00bbno\u00bb][vc_column][vc_separator type=\u00bbtransparent\u00bb up=\u00bb60&#8243; up_style=\u00bbpx\u00bb down_style=\u00bbpx\u00bb][\/vc_column][\/vc_row][vc_row row_type=\u00bbrow\u00bb use_row_as_full_screen_section=\u00bbno\u00bb type=\u00bbfull_width\u00bb text_align=\u00bbleft\u00bb css_animation=\u00bb\u00bb box_shadow_on_row=\u00bbno\u00bb][vc_column width=\u00bb1\/4&#8243;][vc_single_image image=\u00bb1102&#8243; img_size=\u00bbfull\u00bb alignment=\u00bbcenter\u00bb qode_hover_animation=\u00bb\u00bb qode_css_animation=\u00bb\u00bb][vc_separator type=\u00bbtransparent\u00bb thickness=\u00bb20&#8243; up_style=\u00bbpx\u00bb down_style=\u00bbpx\u00bb][\/vc_column][vc_column width=\u00bb3\/4&#8243;][vc_column_text]<\/p>\n<h3 style=\"text-align: justify;\">AXA ASSISTANCE<\/h3>\n<p style=\"text-align: justify;\">The French multinational dedicated to insurance and asset management and present in more than 55 countries trusted us a few years ago for the SEO Positioning of its Travel Insurance.<\/p>\n<p style=\"text-align: justify;\">They attacked only generic keywords and we discovered great potential, at the search level and final conversion rate, in the terms insurance + country, travel insurance + country, medical insurance + country.<\/p>\n<p style=\"text-align: justify;\">We are trained on the product and developed a group of points to take into account and recommendations based on each target country, with a format that united Blog and Landing Page focused on final sales.<\/p>\n<p style=\"text-align: justify;\">Given the authority in the sector of the AXA Assistance brand, in a very short time <strong>we were able to position ourselves TOP 3 in Google for practically all the destinations we were working o<\/strong>n, thus achieving not only an exponential growth in visibility, but also, and consequently, an exponential growth of the number of clients through the Digital channel.<\/p>\n<p>[\/vc_column_text][vc_separator type=\u00bbtransparent\u00bb up=\u00bb5&#8243; up_style=\u00bbpx\u00bb down_style=\u00bbpx\u00bb][vc_single_image image=\u00bb1107&#8243; img_size=\u00bbfull\u00bb alignment=\u00bbcenter\u00bb qode_hover_animation=\u00bb\u00bb qode_css_animation=\u00bb\u00bb][vc_separator type=\u00bbtransparent\u00bb thickness=\u00bb20&#8243; up_style=\u00bbpx\u00bb down_style=\u00bbpx\u00bb][\/vc_column][\/vc_row][vc_row row_type=\u00bbrow\u00bb use_row_as_full_screen_section=\u00bbno\u00bb type=\u00bbfull_width\u00bb text_align=\u00bbleft\u00bb css_animation=\u00bb\u00bb box_shadow_on_row=\u00bbno\u00bb][vc_column][vc_separator type=\u00bbnormal\u00bb up_style=\u00bbpx\u00bb down_style=\u00bbpx\u00bb][\/vc_column][\/vc_row][vc_row row_type=\u00bbrow\u00bb use_row_as_full_screen_section=\u00bbno\u00bb type=\u00bbfull_width\u00bb text_align=\u00bbcenter\u00bb css_animation=\u00bb\u00bb box_shadow_on_row=\u00bbno\u00bb][vc_column][vc_separator type=\u00bbtransparent\u00bb up=\u00bb60&#8243; up_style=\u00bbpx\u00bb down_style=\u00bbpx\u00bb][\/vc_column][\/vc_row][vc_row row_type=\u00bbrow\u00bb use_row_as_full_screen_section=\u00bbno\u00bb type=\u00bbfull_width\u00bb text_align=\u00bbleft\u00bb css_animation=\u00bb\u00bb box_shadow_on_row=\u00bbno\u00bb][vc_column width=\u00bb1\/4&#8243;][vc_single_image image=\u00bb1111&#8243; img_size=\u00bbfull\u00bb alignment=\u00bbcenter\u00bb qode_hover_animation=\u00bb\u00bb qode_css_animation=\u00bb\u00bb][vc_separator type=\u00bbtransparent\u00bb thickness=\u00bb20&#8243; up_style=\u00bbpx\u00bb down_style=\u00bbpx\u00bb][\/vc_column][vc_column width=\u00bb3\/4&#8243;][vc_column_text]<\/p>\n<h3 style=\"text-align: justify;\">TCM GOURMET EN CASA<\/h3>\n<p style=\"text-align: justify;\">Leading ecommerce in the sale of beverages and gourmet food.<\/p>\n<p style=\"text-align: justify;\">I came to Nirmedia a few years ago and we began to work on SEO Positioning to grow in Spain, we became leaders and expanded sales to other countries such as the United Kingdom, France, Italy or Germany.<\/p>\n<p style=\"text-align: justify;\"><strong>We currently sell natively to more than 20 countries<\/strong> where we continue to work on SEO Positioning continuously to maintain leadership and continue to grow.<\/p>\n<p style=\"text-align: justify;\"><strong>This is the evolution in organic visibility with us:<\/strong><\/p>\n<p style=\"text-align: justify;\"><img loading=\"lazy\" decoding=\"async\" class=\"alignnone size-full wp-image-1114\" src=\"https:\/\/nirmedia.com\/en\/wp-content\/uploads\/2020\/12\/visibilidad-SEO.jpg\" alt=\"\" width=\"817\" height=\"198\" srcset=\"https:\/\/nirmedia.com\/en\/wp-content\/uploads\/2020\/12\/visibilidad-SEO.jpg 817w, https:\/\/nirmedia.com\/en\/wp-content\/uploads\/2020\/12\/visibilidad-SEO-300x73.jpg 300w, https:\/\/nirmedia.com\/en\/wp-content\/uploads\/2020\/12\/visibilidad-SEO-768x186.jpg 768w, https:\/\/nirmedia.com\/en\/wp-content\/uploads\/2020\/12\/visibilidad-SEO-700x170.jpg 700w\" sizes=\"auto, (max-width: 817px) 100vw, 817px\" \/><\/p>\n<p>In addition, we develop all the Digital legs such as Email Marketing, Online Communication and Reputation, campaigns with brands, etc.[\/vc_column_text][vc_separator type=\u00bbtransparent\u00bb thickness=\u00bb20&#8243; up_style=\u00bbpx\u00bb down_style=\u00bbpx\u00bb][\/vc_column][\/vc_row][vc_row row_type=\u00bbrow\u00bb use_row_as_full_screen_section=\u00bbno\u00bb type=\u00bbfull_width\u00bb text_align=\u00bbleft\u00bb css_animation=\u00bb\u00bb box_shadow_on_row=\u00bbno\u00bb][vc_column][vc_separator type=\u00bbnormal\u00bb up_style=\u00bbpx\u00bb down_style=\u00bbpx\u00bb][\/vc_column][\/vc_row][vc_row row_type=\u00bbrow\u00bb use_row_as_full_screen_section=\u00bbno\u00bb type=\u00bbfull_width\u00bb text_align=\u00bbcenter\u00bb css_animation=\u00bb\u00bb box_shadow_on_row=\u00bbno\u00bb][vc_column][vc_separator type=\u00bbtransparent\u00bb up=\u00bb60&#8243; up_style=\u00bbpx\u00bb down_style=\u00bbpx\u00bb][\/vc_column][\/vc_row][vc_row row_type=\u00bbrow\u00bb use_row_as_full_screen_section=\u00bbno\u00bb type=\u00bbfull_width\u00bb text_align=\u00bbleft\u00bb css_animation=\u00bb\u00bb box_shadow_on_row=\u00bbno\u00bb][vc_column width=\u00bb1\/4&#8243;][vc_single_image image=\u00bb1119&#8243; img_size=\u00bbfull\u00bb alignment=\u00bbcenter\u00bb qode_hover_animation=\u00bb\u00bb qode_css_animation=\u00bb\u00bb][vc_separator type=\u00bbtransparent\u00bb thickness=\u00bb20&#8243; up_style=\u00bbpx\u00bb down_style=\u00bbpx\u00bb][\/vc_column][vc_column width=\u00bb3\/4&#8243;][vc_column_text]<\/p>\n<h3 style=\"text-align: justify;\">\u00d3PTICA \u00d3PTIMA<\/h3>\n<p style=\"text-align: justify;\">Our experience in the Optical sector began a few years ago with the signature (through a third party) of GranOptic, an online optician that arrived with minimal sales and that with work and effort became a national leader and one of the players. strongest in Europe.<\/p>\n<p style=\"text-align: justify;\">However, after a while we decided to end our business relationship with this third company and it was at that time that we signed with \u00d3ptica \u00d3ptima.<\/p>\n<p style=\"text-align: justify;\">A good SEO development and the knowledge acquired by years of work in the sector have made us become <strong>leaders in organic visibility<\/strong>, being TOPs for terms such as:<\/p>\n<ul style=\"text-align: justify;\">\n<li>gafas de sol + principales marcas<\/li>\n<li>gafas graduadas + principales marcas<\/li>\n<li>t\u00e9rminos gen\u00e9ricos como: \u00f3ptica online, comprar gafas de sol, gafas online, lentillas online.<\/li>\n<\/ul>\n<p style=\"text-align: justify;\">We currently move more than 12k TOPs only in Spain. And in addition, we develop together with the great internal team of the brand, the management of Social Networks, Email Marketing and SMS campaigns, campaigns with Influencers and other channels.<\/p>\n<p>[\/vc_column_text][vc_separator type=\u00bbtransparent\u00bb thickness=\u00bb20&#8243; up_style=\u00bbpx\u00bb down_style=\u00bbpx\u00bb][\/vc_column][\/vc_row][vc_row row_type=\u00bbrow\u00bb use_row_as_full_screen_section=\u00bbno\u00bb type=\u00bbfull_width\u00bb text_align=\u00bbleft\u00bb css_animation=\u00bb\u00bb box_shadow_on_row=\u00bbno\u00bb][vc_column][vc_separator type=\u00bbnormal\u00bb up_style=\u00bbpx\u00bb down_style=\u00bbpx\u00bb][\/vc_column][\/vc_row][vc_row row_type=\u00bbrow\u00bb use_row_as_full_screen_section=\u00bbno\u00bb type=\u00bbfull_width\u00bb text_align=\u00bbcenter\u00bb css_animation=\u00bb\u00bb box_shadow_on_row=\u00bbno\u00bb][vc_column][vc_separator type=\u00bbtransparent\u00bb up=\u00bb60&#8243; up_style=\u00bbpx\u00bb down_style=\u00bbpx\u00bb][\/vc_column][\/vc_row][vc_row row_type=\u00bbrow\u00bb use_row_as_full_screen_section=\u00bbno\u00bb type=\u00bbfull_width\u00bb text_align=\u00bbleft\u00bb css_animation=\u00bb\u00bb box_shadow_on_row=\u00bbno\u00bb][vc_column width=\u00bb1\/4&#8243;][vc_single_image image=\u00bb227&#8243; img_size=\u00bbfull\u00bb alignment=\u00bbcenter\u00bb qode_hover_animation=\u00bb\u00bb qode_css_animation=\u00bb\u00bb][vc_separator type=\u00bbtransparent\u00bb thickness=\u00bb20&#8243; up_style=\u00bbpx\u00bb down_style=\u00bbpx\u00bb][\/vc_column][vc_column width=\u00bb3\/4&#8243;][vc_column_text]<\/p>\n<h3 style=\"text-align: justify;\">SIDEP IBERIA<\/h3>\n<p style=\"text-align: justify;\">Valencian company with great national and European scope dedicated to the manufacture of security equipment for businesses and shops. Its teams are present in more than 20,000 establishments.<\/p>\n<p style=\"text-align: justify;\">The work was punctual, we did an analysis of target search terms, and a complete SEO re-optimization of the website to adapt the Landing Pages to the main focuses of the Market. In a short time we managed to be leaders in Google search pages for terms such as:<\/p>\n<ul style=\"text-align: justify;\">\n<li>sistema antihurto<\/li>\n<li>alarmas para negocios<\/li>\n<li>alarmas para ropa<\/li>\n<li>etiquetas antihurto<\/li>\n<li>antenas antihurto<\/li>\n<li>alarmas para comercios<\/li>\n<\/ul>\n<p style=\"text-align: justify;\"><strong>And so on for more than 180 flagship products<\/strong>. These TOPs do not remain on the paper of a report, they translate into calls, business meetings and hires.<\/p>\n<p>[\/vc_column_text][vc_separator type=\u00bbtransparent\u00bb thickness=\u00bb20&#8243; up_style=\u00bbpx\u00bb down_style=\u00bbpx\u00bb][\/vc_column][\/vc_row][vc_row row_type=\u00bbrow\u00bb use_row_as_full_screen_section=\u00bbno\u00bb type=\u00bbfull_width\u00bb text_align=\u00bbcenter\u00bb css_animation=\u00bb\u00bb box_shadow_on_row=\u00bbno\u00bb][vc_column][vc_separator type=\u00bbtransparent\u00bb up=\u00bb60&#8243; up_style=\u00bbpx\u00bb down_style=\u00bbpx\u00bb][\/vc_column][\/vc_row][vc_row row_type=\u00bbrow\u00bb use_row_as_full_screen_section=\u00bbno\u00bb type=\u00bbfull_width\u00bb text_align=\u00bbcenter\u00bb background_image=\u00bb120&#8243; css_animation=\u00bb\u00bb box_shadow_on_row=\u00bbno\u00bb][vc_column css=\u00bb.vc_custom_1536923355834{padding-top: 70px !important;padding-bottom: 70px !important;}\u00bb][vc_column_text]<\/p>\n<h2 style=\"text-align: center;\"><span style=\"color: #ffffff;\">ASK US NOW WITHOUT COMMITMENT<\/span><\/h2>\n<p>[\/vc_column_text][vc_separator type=\u00bbtransparent\u00bb thickness=\u00bb7&#8243; up_style=\u00bbpx\u00bb down_style=\u00bbpx\u00bb][vc_column_text]<\/p>\n<h3 style=\"text-align: center;\"><span style=\"color: #ffffff;\">HOW WE CAN WORK TOGETHER<\/span><\/h3>\n<p>[\/vc_column_text][vc_separator type=\u00bbtransparent\u00bb thickness=\u00bb20&#8243; up_style=\u00bbpx\u00bb down_style=\u00bbpx\u00bb][vc_row_inner row_type=\u00bbrow\u00bb type=\u00bbfull_width\u00bb use_row_as_full_screen_section_slide=\u00bbno\u00bb text_align=\u00bbcenter\u00bb css_animation=\u00bb\u00bb box_shadow_on_row=\u00bbno\u00bb][vc_column_inner]<a href=\"https:\/\/nirmedia.com\/en\/contact\/\" target=\"_self\"  class=\"qbutton  large white icon_right\" style=\"font-weight: 600; \">CONTACT US<\/a>[\/vc_column_inner][\/vc_row_inner][\/vc_column][\/vc_row]<\/p>\n","protected":false},"excerpt":{"rendered":"<p>[vc_row row_type=\u00bbrow\u00bb use_row_as_full_screen_section=\u00bbno\u00bb type=\u00bbgrid\u00bb text_align=\u00bbleft\u00bb css_animation=\u00bb\u00bb box_shadow_on_row=\u00bbno\u00bb][vc_column width=\u00bb1\/2&#8243;][vc_column_text] Nirmedia Real Cases [\/vc_column_text][vc_separator type=\u00bbtransparent\u00bb up=\u00bb6&#8243; up_style=\u00bbpx\u00bb down_style=\u00bbpx\u00bb][vc_column_text] in Online Marketing Before, we only published some of the client logos we work with, but this practice is so widespread that in the end it does not say&#8230;<\/p>\n","protected":false},"author":2,"featured_media":0,"parent":0,"menu_order":0,"comment_status":"closed","ping_status":"closed","template":"","meta":{"footnotes":""},"class_list":["post-173","page","type-page","status-publish","hentry"],"_links":{"self":[{"href":"https:\/\/nirmedia.com\/en\/wp-json\/wp\/v2\/pages\/173","targetHints":{"allow":["GET"]}}],"collection":[{"href":"https:\/\/nirmedia.com\/en\/wp-json\/wp\/v2\/pages"}],"about":[{"href":"https:\/\/nirmedia.com\/en\/wp-json\/wp\/v2\/types\/page"}],"author":[{"embeddable":true,"href":"https:\/\/nirmedia.com\/en\/wp-json\/wp\/v2\/users\/2"}],"replies":[{"embeddable":true,"href":"https:\/\/nirmedia.com\/en\/wp-json\/wp\/v2\/comments?post=173"}],"version-history":[{"count":66,"href":"https:\/\/nirmedia.com\/en\/wp-json\/wp\/v2\/pages\/173\/revisions"}],"predecessor-version":[{"id":1507,"href":"https:\/\/nirmedia.com\/en\/wp-json\/wp\/v2\/pages\/173\/revisions\/1507"}],"wp:attachment":[{"href":"https:\/\/nirmedia.com\/en\/wp-json\/wp\/v2\/media?parent=173"}],"curies":[{"name":"wp","href":"https:\/\/api.w.org\/{rel}","templated":true}]}}